{"id":153,"date":"2020-01-13T08:54:13","date_gmt":"2020-01-13T08:54:13","guid":{"rendered":"https:\/\/bridge312.qodeinteractive.com\/?page_id=153"},"modified":"2021-04-27T12:40:56","modified_gmt":"2021-04-27T12:40:56","slug":"servicios","status":"publish","type":"page","link":"http:\/\/greenhousecountry.uy\/site\/servicios\/","title":{"rendered":"SERVICIOS"},"content":{"rendered":"\t\t<div data-elementor-type=\"wp-page\" data-elementor-id=\"153\" class=\"elementor elementor-153\" data-elementor-post-type=\"page\">\n\t\t\t\t\t\t<section class=\"elementor-section elementor-top-section elementor-element elementor-element-e8160ae elementor-section-full_width elementor-section-height-default elementor-section-height-default parallax_section_no qode_elementor_container_no\" data-id=\"e8160ae\" data-element_type=\"section\" data-e-type=\"section\" data-settings=\"{&quot;background_background&quot;:&quot;classic&quot;}\">\n\t\t\t\t\t\t<div class=\"elementor-container elementor-column-gap-default\">\n\t\t\t\t\t<div class=\"elementor-column elementor-col-100 elementor-top-column elementor-element elementor-element-8c331f1\" data-id=\"8c331f1\" data-element_type=\"column\" data-e-type=\"column\">\n\t\t\t<div class=\"elementor-widget-wrap elementor-element-populated\">\n\t\t\t\t\t\t<div class=\"elementor-element elementor-element-2d05c24 elementor-widget elementor-widget-spacer\" data-id=\"2d05c24\" data-element_type=\"widget\" data-e-type=\"widget\" data-widget_type=\"spacer.default\">\n\t\t\t\t<div class=\"elementor-widget-container\">\n\t\t\t\t\t\t\t<div class=\"elementor-spacer\">\n\t\t\t<div class=\"elementor-spacer-inner\"><\/div>\n\t\t<\/div>\n\t\t\t\t\t\t<\/div>\n\t\t\t\t<\/div>\n\t\t\t\t<div class=\"elementor-element elementor-element-ab6e610 elementor-widget elementor-widget-heading\" data-id=\"ab6e610\" data-element_type=\"widget\" data-e-type=\"widget\" data-widget_type=\"heading.default\">\n\t\t\t\t<div class=\"elementor-widget-container\">\n\t\t\t\t\t<h2 class=\"elementor-heading-title elementor-size-default\">SERVICIOS<\/h2>\t\t\t\t<\/div>\n\t\t\t\t<\/div>\n\t\t\t\t\t<\/div>\n\t\t<\/div>\n\t\t\t\t\t<\/div>\n\t\t<\/section>\n\t\t\t\t<section class=\"elementor-section elementor-top-section elementor-element elementor-element-83befe4 elementor-section-full_width elementor-section-height-default elementor-section-height-default parallax_section_no qode_elementor_container_no\" data-id=\"83befe4\" data-element_type=\"section\" data-e-type=\"section\" data-settings=\"{&quot;background_background&quot;:&quot;classic&quot;}\">\n\t\t\t\t\t\t<div class=\"elementor-container elementor-column-gap-default\">\n\t\t\t\t\t<div class=\"elementor-column elementor-col-100 elementor-top-column elementor-element elementor-element-5e214f7\" data-id=\"5e214f7\" data-element_type=\"column\" data-e-type=\"column\">\n\t\t\t<div class=\"elementor-widget-wrap elementor-element-populated\">\n\t\t\t\t\t\t<section class=\"elementor-section elementor-inner-section elementor-element elementor-element-322d03d elementor-section-full_width qode_elementor_container_inner elementor-section-height-default elementor-section-height-default parallax_section_no\" data-id=\"322d03d\" data-element_type=\"section\" data-e-type=\"section\">\n\t\t\t\t\t\t<div class=\"elementor-container elementor-column-gap-default\">\n\t\t\t\t\t<div class=\"elementor-column elementor-col-50 elementor-inner-column elementor-element elementor-element-d5967b7\" data-id=\"d5967b7\" data-element_type=\"column\" data-e-type=\"column\">\n\t\t\t<div class=\"elementor-widget-wrap elementor-element-populated\">\n\t\t\t\t\t\t<div class=\"elementor-element elementor-element-535c22d elementor-widget elementor-widget-image\" data-id=\"535c22d\" data-element_type=\"widget\" data-e-type=\"widget\" data-widget_type=\"image.default\">\n\t\t\t\t<div class=\"elementor-widget-container\">\n\t\t\t\t\t\t\t\t\t\t\t\t\t\t\t<img fetchpriority=\"high\" decoding=\"async\" width=\"800\" height=\"479\" src=\"http:\/\/greenhousecountry.uy\/site\/wp-content\/uploads\/2021\/03\/menu-image-1.jpg\" class=\"attachment-full size-full wp-image-411\" alt=\"\" srcset=\"http:\/\/greenhousecountry.uy\/site\/wp-content\/uploads\/2021\/03\/menu-image-1.jpg 800w, http:\/\/greenhousecountry.uy\/site\/wp-content\/uploads\/2021\/03\/menu-image-1-300x180.jpg 300w, http:\/\/greenhousecountry.uy\/site\/wp-content\/uploads\/2021\/03\/menu-image-1-768x460.jpg 768w, http:\/\/greenhousecountry.uy\/site\/wp-content\/uploads\/2021\/03\/menu-image-1-700x419.jpg 700w\" sizes=\"(max-width: 800px) 100vw, 800px\" \/>\t\t\t\t\t\t\t\t\t\t\t\t\t\t\t<\/div>\n\t\t\t\t<\/div>\n\t\t\t\t<div class=\"elementor-element elementor-element-f6495c5 elementor-widget elementor-widget-bridge_advanced_pricing_list\" data-id=\"f6495c5\" data-element_type=\"widget\" data-e-type=\"widget\" data-widget_type=\"bridge_advanced_pricing_list.default\">\n\t\t\t\t<div class=\"elementor-widget-container\">\n\t\t\t\t\t<div class=\"qode-advanced-pricing-list\">\n\t<div class=\"qode-apl-header\">\n\t\t<div class=\"qode-apl-title-holder\">\n\t\t\t<h6 class=\"qode-apl-title\" >\n\t\t\t\t\t\t\t<\/h6>\n\t\t<\/div>\n\t<\/div>\n\t<div class=\"qode-apl-items\">\n\t\t\t\t\t<div class=\"qode-apl-item\">\n\t\t\t\t<div class=\"qode-apl-item-top\">\n\t\t\t\t\t<h6 class=\"qode-apl-item-title\" >\n\t\t\t\t\t\tAtenci\u00f3n M\u00e9dica\t\t\t\t\t<\/h6>\n\t\t\t\t\t<div class=\"qode-apl-line\" style=\"border-style:dashed;border-color:#FFFFFF\"><\/div>\n\t\t\t\t\t<h6 class=\"qode-apl-item-price\" >\n\t\t\t\t\t\t\t\t\t\t\t<\/h6>\n\t\t\t\t<\/div>\n\t\t\t\t\t\t\t\t\t<div class=\"qode-apl-item-bottom\">\n\t\t\t\t\t\t<div class=\"qode-apl-item-description\" >\n\t\t\t\t\t\t\tBrindar la seguridad m\u00e9dica es fundamental para que los residentes y sus familias se sientan tranquilos por eso contamos con una atenci\u00f3n personalizada ,  con valoraciones semanales y seguimientos diarios. \t\t\t\t\t\t<\/div>\n\t\t\t\t\t<\/div>\n\t\t\t\t\t\t\t<\/div>\n\t\t\t\t\t<div class=\"qode-apl-item\">\n\t\t\t\t<div class=\"qode-apl-item-top\">\n\t\t\t\t\t<h6 class=\"qode-apl-item-title\" >\n\t\t\t\t\t\tServicio de Enfermer\u00eda Profesional\t\t\t\t\t<\/h6>\n\t\t\t\t\t<div class=\"qode-apl-line\" style=\"border-style:dashed;border-color:#FFFFFF\"><\/div>\n\t\t\t\t\t<h6 class=\"qode-apl-item-price\" >\n\t\t\t\t\t\t\t\t\t\t\t<\/h6>\n\t\t\t\t<\/div>\n\t\t\t\t\t\t\t\t\t<div class=\"qode-apl-item-bottom\">\n\t\t\t\t\t\t<div class=\"qode-apl-item-description\" >\n\t\t\t\t\t\t\tEl servicio de enfermer\u00eda para Green House es el \u00e1rea m\u00e1s importante junto con el proceso de atenci\u00f3n de los residentes. Un servicio cuya esencia es el cuidado con conocimiento de causa. Contamos con Lic. en enfermer\u00eda y auxiliares las 24 horas que realizan un monitoreo constante hacia el paciente  llevando a cabo los tratamientos indicados.  Somos profesionales con vocaci\u00f3n que amamos lo que hacemos. Cercania, confianza, contenci\u00f3n, cuidado y amor son parte de nuestro diario accionar.\t\t\t\t\t\t<\/div>\n\t\t\t\t\t<\/div>\n\t\t\t\t\t\t\t<\/div>\n\t\t\t\t\t<div class=\"qode-apl-item\">\n\t\t\t\t<div class=\"qode-apl-item-top\">\n\t\t\t\t\t<h6 class=\"qode-apl-item-title\" >\n\t\t\t\t\t\tServicio Odontol\u00f3gico\t\t\t\t\t<\/h6>\n\t\t\t\t\t<div class=\"qode-apl-line\" style=\"border-style:dashed;border-color:#FFFFFF\"><\/div>\n\t\t\t\t\t<h6 class=\"qode-apl-item-price\" >\n\t\t\t\t\t\t\t\t\t\t\t<\/h6>\n\t\t\t\t<\/div>\n\t\t\t\t\t\t\t\t\t<div class=\"qode-apl-item-bottom\">\n\t\t\t\t\t\t<div class=\"qode-apl-item-description\" >\n\t\t\t\t\t\t\tLa salud bucal es muy importante para la buena calidad de vida por eso contamos con Servicio propio de urgencias, tratamientos y rehabilitaci\u00f3n. \t\t\t\t\t\t<\/div>\n\t\t\t\t\t<\/div>\n\t\t\t\t\t\t\t<\/div>\n\t\t\t\t\t<div class=\"qode-apl-item\">\n\t\t\t\t<div class=\"qode-apl-item-top\">\n\t\t\t\t\t<h6 class=\"qode-apl-item-title\" >\n\t\t\t\t\t\tTalleres de Estimulaci\u00f3n\t\t\t\t\t<\/h6>\n\t\t\t\t\t<div class=\"qode-apl-line\" style=\"border-style:dashed;border-color:#FFFFFF\"><\/div>\n\t\t\t\t\t<h6 class=\"qode-apl-item-price\" >\n\t\t\t\t\t\t\t\t\t\t\t<\/h6>\n\t\t\t\t<\/div>\n\t\t\t\t\t\t\t\t\t<div class=\"qode-apl-item-bottom\">\n\t\t\t\t\t\t<div class=\"qode-apl-item-description\" >\n\t\t\t\t\t\t\tComo nos gustan!  lo disfrutan y aprovechan al m\u00e1ximo,  talleres de pintura y lectura, manualidades, pl\u00e1stica y musicoterapia. \t\t\t\t\t\t<\/div>\n\t\t\t\t\t<\/div>\n\t\t\t\t\t\t\t<\/div>\n\t\t\t\t\t<div class=\"qode-apl-item\">\n\t\t\t\t<div class=\"qode-apl-item-top\">\n\t\t\t\t\t<h6 class=\"qode-apl-item-title\" >\n\t\t\t\t\t\tValoraci\u00f3n geri\u00e1trica integral\t\t\t\t\t<\/h6>\n\t\t\t\t\t<div class=\"qode-apl-line\" style=\"border-style:dashed;border-color:#FFFFFF\"><\/div>\n\t\t\t\t\t<h6 class=\"qode-apl-item-price\" >\n\t\t\t\t\t\t\t\t\t\t\t<\/h6>\n\t\t\t\t<\/div>\n\t\t\t\t\t\t\t\t\t<div class=\"qode-apl-item-bottom\">\n\t\t\t\t\t\t<div class=\"qode-apl-item-description\" >\n\t\t\t\t\t\t\tEst\u00e1 a cargo de un equipo multidisciplinario que trabaja en constante coordinaci\u00f3n. Es un equipo que el residente ve a diario, generando as\u00ed la confianza y empat\u00eda necesaria para la mejor evaluaci\u00f3n.\t\t\t\t\t\t<\/div>\n\t\t\t\t\t<\/div>\n\t\t\t\t\t\t\t<\/div>\n\t\t\t<\/div>\n<\/div>\t\t\t\t<\/div>\n\t\t\t\t<\/div>\n\t\t\t\t\t<\/div>\n\t\t<\/div>\n\t\t\t\t<div class=\"elementor-column elementor-col-50 elementor-inner-column elementor-element elementor-element-947908e\" data-id=\"947908e\" data-element_type=\"column\" data-e-type=\"column\">\n\t\t\t<div class=\"elementor-widget-wrap elementor-element-populated\">\n\t\t\t\t\t\t<div class=\"elementor-element elementor-element-3275a90 elementor-widget elementor-widget-image\" data-id=\"3275a90\" data-element_type=\"widget\" data-e-type=\"widget\" data-widget_type=\"image.default\">\n\t\t\t\t<div class=\"elementor-widget-container\">\n\t\t\t\t\t\t\t\t\t\t\t\t\t\t\t<img decoding=\"async\" width=\"800\" height=\"479\" src=\"http:\/\/greenhousecountry.uy\/site\/wp-content\/uploads\/2021\/03\/menu-image-2.jpg\" class=\"attachment-full size-full wp-image-412\" alt=\"\" srcset=\"http:\/\/greenhousecountry.uy\/site\/wp-content\/uploads\/2021\/03\/menu-image-2.jpg 800w, http:\/\/greenhousecountry.uy\/site\/wp-content\/uploads\/2021\/03\/menu-image-2-300x180.jpg 300w, http:\/\/greenhousecountry.uy\/site\/wp-content\/uploads\/2021\/03\/menu-image-2-768x460.jpg 768w, http:\/\/greenhousecountry.uy\/site\/wp-content\/uploads\/2021\/03\/menu-image-2-700x419.jpg 700w\" sizes=\"(max-width: 800px) 100vw, 800px\" \/>\t\t\t\t\t\t\t\t\t\t\t\t\t\t\t<\/div>\n\t\t\t\t<\/div>\n\t\t\t\t<div class=\"elementor-element elementor-element-33311c0 elementor-widget elementor-widget-bridge_advanced_pricing_list\" data-id=\"33311c0\" data-element_type=\"widget\" data-e-type=\"widget\" data-widget_type=\"bridge_advanced_pricing_list.default\">\n\t\t\t\t<div class=\"elementor-widget-container\">\n\t\t\t\t\t<div class=\"qode-advanced-pricing-list\">\n\t<div class=\"qode-apl-header\">\n\t\t<div class=\"qode-apl-title-holder\">\n\t\t\t<h6 class=\"qode-apl-title\" >\n\t\t\t\t\t\t\t<\/h6>\n\t\t<\/div>\n\t<\/div>\n\t<div class=\"qode-apl-items\">\n\t\t\t\t\t<div class=\"qode-apl-item\">\n\t\t\t\t<div class=\"qode-apl-item-top\">\n\t\t\t\t\t<h6 class=\"qode-apl-item-title\" >\n\t\t\t\t\t\tRehabilitaci\u00f3n\t\t\t\t\t<\/h6>\n\t\t\t\t\t<div class=\"qode-apl-line\" style=\"border-style:dashed;border-color:#FFFFFF\"><\/div>\n\t\t\t\t\t<h6 class=\"qode-apl-item-price\" >\n\t\t\t\t\t\t\t\t\t\t\t<\/h6>\n\t\t\t\t<\/div>\n\t\t\t\t\t\t\t\t\t<div class=\"qode-apl-item-bottom\">\n\t\t\t\t\t\t<div class=\"qode-apl-item-description\" >\n\t\t\t\t\t\t\t Un equipo especializado cuenta con las instalaciones necesarias para llevar a cabo la mejor rehabilitaci\u00f3n, una de las zonas m\u00e1s solicitada es la piscina climatizada en invierno y la piscina exterior para los meses de verano.\t\t\t\t\t\t<\/div>\n\t\t\t\t\t<\/div>\n\t\t\t\t\t\t\t<\/div>\n\t\t\t\t\t<div class=\"qode-apl-item\">\n\t\t\t\t<div class=\"qode-apl-item-top\">\n\t\t\t\t\t<h6 class=\"qode-apl-item-title\" >\n\t\t\t\t\t\tActividades L\u00fadicas\t\t\t\t\t<\/h6>\n\t\t\t\t\t<div class=\"qode-apl-line\" style=\"border-style:dashed;border-color:#FFFFFF\"><\/div>\n\t\t\t\t\t<h6 class=\"qode-apl-item-price\" >\n\t\t\t\t\t\t\t\t\t\t\t<\/h6>\n\t\t\t\t<\/div>\n\t\t\t\t\t\t\t\t\t<div class=\"qode-apl-item-bottom\">\n\t\t\t\t\t\t<div class=\"qode-apl-item-description\" >\n\t\t\t\t\t\t\tA jugar se ha dicho!! Green House ofrece Juegos de mesa, futbolito, ping pong en espacios adecuados para cada actividad; pero lo m\u00e1s importante es que siempre  hay una colaboradora dispuesta a compartir con ellos la actividad que elijan. \t\t\t\t\t\t<\/div>\n\t\t\t\t\t<\/div>\n\t\t\t\t\t\t\t<\/div>\n\t\t\t\t\t<div class=\"qode-apl-item\">\n\t\t\t\t<div class=\"qode-apl-item-top\">\n\t\t\t\t\t<h6 class=\"qode-apl-item-title\" >\n\t\t\t\t\t\tAmplios espacios\t\t\t\t\t<\/h6>\n\t\t\t\t\t<div class=\"qode-apl-line\" style=\"border-style:dashed;border-color:#FFFFFF\"><\/div>\n\t\t\t\t\t<h6 class=\"qode-apl-item-price\" >\n\t\t\t\t\t\t\t\t\t\t\t<\/h6>\n\t\t\t\t<\/div>\n\t\t\t\t\t\t\t\t\t<div class=\"qode-apl-item-bottom\">\n\t\t\t\t\t\t<div class=\"qode-apl-item-description\" >\n\t\t\t\t\t\t\tOtro de nuestros atractivos son los espacios amplios con los que contamos, interiores y exteriores. Comedores grandes, salas de juego y distensi\u00f3n,   espacios para reuniones, un amplio comedor con grandes ventanales, y un entorno exterior con mucho verde y grande jardines .   Espacio con juegos para ni\u00f1os pensado y dise\u00f1ado para  las familias con ni\u00f1os que nos visiten. \t\t\t\t\t\t<\/div>\n\t\t\t\t\t<\/div>\n\t\t\t\t\t\t\t<\/div>\n\t\t\t\t\t<div class=\"qode-apl-item\">\n\t\t\t\t<div class=\"qode-apl-item-top\">\n\t\t\t\t\t<h6 class=\"qode-apl-item-title\" >\n\t\t\t\t\t\tServicio Est\u00e9tico\t\t\t\t\t<\/h6>\n\t\t\t\t\t<div class=\"qode-apl-line\" style=\"border-style:dashed;border-color:#FFFFFF\"><\/div>\n\t\t\t\t\t<h6 class=\"qode-apl-item-price\" >\n\t\t\t\t\t\t\t\t\t\t\t<\/h6>\n\t\t\t\t<\/div>\n\t\t\t\t\t\t\t\t\t<div class=\"qode-apl-item-bottom\">\n\t\t\t\t\t\t<div class=\"qode-apl-item-description\" >\n\t\t\t\t\t\t\tPorque la coqueter\u00eda tambi\u00e9n ayuda que estemos bien contamos con peluquer\u00eda, podolog\u00eda y manicura.\t\t\t\t\t\t<\/div>\n\t\t\t\t\t<\/div>\n\t\t\t\t\t\t\t<\/div>\n\t\t\t\t\t<div class=\"qode-apl-item\">\n\t\t\t\t<div class=\"qode-apl-item-top\">\n\t\t\t\t\t<h6 class=\"qode-apl-item-title\" >\n\t\t\t\t\t\tFestejos de cumplea\u00f1os\t\t\t\t\t<\/h6>\n\t\t\t\t\t<div class=\"qode-apl-line\" style=\"border-style:dashed;border-color:#FFFFFF\"><\/div>\n\t\t\t\t\t<h6 class=\"qode-apl-item-price\" >\n\t\t\t\t\t\t\t\t\t\t\t<\/h6>\n\t\t\t\t<\/div>\n\t\t\t\t\t\t\t\t\t<div class=\"qode-apl-item-bottom\">\n\t\t\t\t\t\t<div class=\"qode-apl-item-description\" >\n\t\t\t\t\t\t\tCada residente tiene su festejo personalizado con familiares y amigos, siempre apostando a que se sientan como en casa. Se prepara el d\u00eda de tal manera para que sea muy especial.\t\t\t\t\t\t<\/div>\n\t\t\t\t\t<\/div>\n\t\t\t\t\t\t\t<\/div>\n\t\t\t<\/div>\n<\/div>\t\t\t\t<\/div>\n\t\t\t\t<\/div>\n\t\t\t\t\t<\/div>\n\t\t<\/div>\n\t\t\t\t\t<\/div>\n\t\t<\/section>\n\t\t\t\t\t<\/div>\n\t\t<\/div>\n\t\t\t\t\t<\/div>\n\t\t<\/section>\n\t\t\t\t<section class=\"elementor-section elementor-top-section elementor-element elementor-element-6d4eff94 elementor-section-content-middle elementor-section-boxed elementor-section-height-default elementor-section-height-default parallax_section_no qode_elementor_container_no\" data-id=\"6d4eff94\" data-element_type=\"section\" data-e-type=\"section\">\n\t\t\t\t\t\t<div class=\"elementor-container elementor-column-gap-no\">\n\t\t\t\t\t<div class=\"elementor-column elementor-col-50 elementor-top-column elementor-element elementor-element-34341ef2\" data-id=\"34341ef2\" data-element_type=\"column\" data-e-type=\"column\">\n\t\t\t<div class=\"elementor-widget-wrap elementor-element-populated\">\n\t\t\t\t\t\t<div class=\"elementor-element elementor-element-4d98abef elementor-widget elementor-widget-heading\" data-id=\"4d98abef\" data-element_type=\"widget\" data-e-type=\"widget\" data-widget_type=\"heading.default\">\n\t\t\t\t<div class=\"elementor-widget-container\">\n\t\t\t\t\t<h5 class=\"elementor-heading-title elementor-size-small\">Plan de Contingencia en caso de contraer Covid-19<\/h5>\t\t\t\t<\/div>\n\t\t\t\t<\/div>\n\t\t\t\t\t<\/div>\n\t\t<\/div>\n\t\t\t\t<div class=\"elementor-column elementor-col-50 elementor-top-column elementor-element elementor-element-450ffb89\" data-id=\"450ffb89\" data-element_type=\"column\" data-e-type=\"column\">\n\t\t\t<div class=\"elementor-widget-wrap elementor-element-populated\">\n\t\t\t\t\t\t<div class=\"elementor-element elementor-element-2df04c52 elementor-widget elementor-widget-text-editor\" data-id=\"2df04c52\" data-element_type=\"widget\" data-e-type=\"widget\" data-widget_type=\"text-editor.default\">\n\t\t\t\t<div class=\"elementor-widget-container\">\n\t\t\t\t\t\t\t\t\t<p>Las instalaciones est\u00e1n preparadas en caso que alg\u00fan residente contraiga la enfermedad. <br \/>Salas aisladas, armadas con todo lo necesario para transcurrir los d\u00edas estipulados y con la tranquilidad que ser\u00e1n cuidados y acompa\u00f1ados por el personal; que conocen, logrando de ese modo la contenci\u00f3n que se necesita en esos momentos.<\/p>\t\t\t\t\t\t\t\t<\/div>\n\t\t\t\t<\/div>\n\t\t\t\t\t<\/div>\n\t\t<\/div>\n\t\t\t\t\t<\/div>\n\t\t<\/section>\n\t\t\t\t<section class=\"elementor-section elementor-top-section elementor-element elementor-element-c09b835 elementor-section-boxed elementor-section-height-default elementor-section-height-default parallax_section_no qode_elementor_container_no\" data-id=\"c09b835\" data-element_type=\"section\" data-e-type=\"section\">\n\t\t\t\t\t\t<div class=\"elementor-container elementor-column-gap-default\">\n\t\t\t\t\t<div class=\"elementor-column elementor-col-100 elementor-top-column elementor-element elementor-element-63c1b0b\" data-id=\"63c1b0b\" data-element_type=\"column\" data-e-type=\"column\">\n\t\t\t<div class=\"elementor-widget-wrap elementor-element-populated\">\n\t\t\t\t\t\t<div class=\"elementor-element elementor-element-35ed417 elementor-cta--skin-cover elementor-cta--valign-middle elementor-animated-content elementor-bg-transform elementor-bg-transform-zoom-in elementor-widget elementor-widget-call-to-action\" data-id=\"35ed417\" data-element_type=\"widget\" data-e-type=\"widget\" data-widget_type=\"call-to-action.default\">\n\t\t\t\t<div class=\"elementor-widget-container\">\n\t\t\t\t\t\t\t<div class=\"elementor-cta\">\n\t\t\t\t\t<div class=\"elementor-cta__bg-wrapper\">\n\t\t\t\t<div class=\"elementor-cta__bg elementor-bg\" style=\"background-image: url(http:\/\/greenhousecountry.uy\/site\/wp-content\/uploads\/2021\/03\/team-section-1.jpg);\" role=\"img\" aria-label=\"team-section-1\"><\/div>\n\t\t\t\t<div class=\"elementor-cta__bg-overlay\"><\/div>\n\t\t\t<\/div>\n\t\t\t\t\t\t\t<div class=\"elementor-cta__content\">\n\t\t\t\t\n\t\t\t\t\t\t\t\t\t<h2 class=\"elementor-cta__title elementor-cta__content-item elementor-content-item elementor-animated-item--grow\">\n\t\t\t\t\t\t\u00bfTienes preguntas acerca de nuestros servicios?\t\t\t\t\t<\/h2>\n\t\t\t\t\n\t\t\t\t\n\t\t\t\t\t\t\t\t\t<div class=\"elementor-cta__button-wrapper elementor-cta__content-item elementor-content-item elementor-animated-item--grow\">\n\t\t\t\t\t<a class=\"elementor-cta__button elementor-button elementor-size-sm\" href=\"http:\/\/greenhousecountry.uy\/site\/preguntas-frecuentes\/\">\n\t\t\t\t\t\tVer Preguntas Frecuentes\t\t\t\t\t<\/a>\n\t\t\t\t\t<\/div>\n\t\t\t\t\t\t\t<\/div>\n\t\t\t\t\t\t<\/div>\n\t\t\t\t\t\t<\/div>\n\t\t\t\t<\/div>\n\t\t\t\t\t<\/div>\n\t\t<\/div>\n\t\t\t\t\t<\/div>\n\t\t<\/section>\n\t\t\t\t<\/div>\n\t\t","protected":false},"excerpt":{"rendered":"<p>SERVICIOS Atenci\u00f3n M\u00e9dica Brindar la seguridad m\u00e9dica es fundamental para que los residentes y sus familias se sientan tranquilos por eso contamos con una atenci\u00f3n personalizada , con valoraciones semanales y seguimientos diarios. Servicio de Enfermer\u00eda Profesional El servicio de enfermer\u00eda para Green House es&#8230;<\/p>\n","protected":false},"author":2,"featured_media":0,"parent":0,"menu_order":0,"comment_status":"closed","ping_status":"closed","template":"full_width.php","meta":{"_exactmetrics_skip_tracking":false,"_exactmetrics_sitenote_active":false,"_exactmetrics_sitenote_note":"","_exactmetrics_sitenote_category":0,"footnotes":""},"class_list":["post-153","page","type-page","status-publish","hentry"],"_links":{"self":[{"href":"http:\/\/greenhousecountry.uy\/site\/wp-json\/wp\/v2\/pages\/153","targetHints":{"allow":["GET"]}}],"collection":[{"href":"http:\/\/greenhousecountry.uy\/site\/wp-json\/wp\/v2\/pages"}],"about":[{"href":"http:\/\/greenhousecountry.uy\/site\/wp-json\/wp\/v2\/types\/page"}],"author":[{"embeddable":true,"href":"http:\/\/greenhousecountry.uy\/site\/wp-json\/wp\/v2\/users\/2"}],"replies":[{"embeddable":true,"href":"http:\/\/greenhousecountry.uy\/site\/wp-json\/wp\/v2\/comments?post=153"}],"version-history":[{"count":62,"href":"http:\/\/greenhousecountry.uy\/site\/wp-json\/wp\/v2\/pages\/153\/revisions"}],"predecessor-version":[{"id":731,"href":"http:\/\/greenhousecountry.uy\/site\/wp-json\/wp\/v2\/pages\/153\/revisions\/731"}],"wp:attachment":[{"href":"http:\/\/greenhousecountry.uy\/site\/wp-json\/wp\/v2\/media?parent=153"}],"curies":[{"name":"wp","href":"https:\/\/api.w.org\/{rel}","templated":true}]}}