{"id":115,"date":"2020-01-13T07:54:16","date_gmt":"2020-01-13T07:54:16","guid":{"rendered":"https:\/\/bridge312.qodeinteractive.com\/?page_id=115"},"modified":"2021-04-26T19:50:35","modified_gmt":"2021-04-26T19:50:35","slug":"equipo","status":"publish","type":"page","link":"http:\/\/greenhousecountry.uy\/site\/equipo\/","title":{"rendered":"EQUIPO"},"content":{"rendered":"\t\t<div data-elementor-type=\"wp-page\" data-elementor-id=\"115\" class=\"elementor elementor-115\" data-elementor-post-type=\"page\">\n\t\t\t\t\t\t<section class=\"elementor-section elementor-top-section elementor-element elementor-element-9b66150 elementor-section-full_width elementor-section-height-default elementor-section-height-default parallax_section_no qode_elementor_container_no\" data-id=\"9b66150\" data-element_type=\"section\" data-e-type=\"section\" data-settings=\"{&quot;background_background&quot;:&quot;classic&quot;}\">\n\t\t\t\t\t\t<div class=\"elementor-container elementor-column-gap-default\">\n\t\t\t\t\t<div class=\"elementor-column elementor-col-100 elementor-top-column elementor-element elementor-element-d0bd221\" data-id=\"d0bd221\" data-element_type=\"column\" data-e-type=\"column\">\n\t\t\t<div class=\"elementor-widget-wrap elementor-element-populated\">\n\t\t\t\t\t\t<div class=\"elementor-element elementor-element-5d3ac17 elementor-widget elementor-widget-spacer\" data-id=\"5d3ac17\" data-element_type=\"widget\" data-e-type=\"widget\" data-widget_type=\"spacer.default\">\n\t\t\t\t<div class=\"elementor-widget-container\">\n\t\t\t\t\t\t\t<div class=\"elementor-spacer\">\n\t\t\t<div class=\"elementor-spacer-inner\"><\/div>\n\t\t<\/div>\n\t\t\t\t\t\t<\/div>\n\t\t\t\t<\/div>\n\t\t\t\t<div class=\"elementor-element elementor-element-6dd0ec8 elementor-widget elementor-widget-heading\" data-id=\"6dd0ec8\" data-element_type=\"widget\" data-e-type=\"widget\" data-widget_type=\"heading.default\">\n\t\t\t\t<div class=\"elementor-widget-container\">\n\t\t\t\t\t<h2 class=\"elementor-heading-title elementor-size-default\">equipo<\/h2>\t\t\t\t<\/div>\n\t\t\t\t<\/div>\n\t\t\t\t\t<\/div>\n\t\t<\/div>\n\t\t\t\t\t<\/div>\n\t\t<\/section>\n\t\t\t\t<section class=\"elementor-section elementor-top-section elementor-element elementor-element-a5a74bf elementor-section-boxed elementor-section-height-default elementor-section-height-default parallax_section_no qode_elementor_container_no\" data-id=\"a5a74bf\" data-element_type=\"section\" data-e-type=\"section\">\n\t\t\t\t\t\t<div class=\"elementor-container elementor-column-gap-default\">\n\t\t\t\t\t<div class=\"elementor-column elementor-col-33 elementor-top-column elementor-element elementor-element-ba6a8c9\" data-id=\"ba6a8c9\" data-element_type=\"column\" data-e-type=\"column\">\n\t\t\t<div class=\"elementor-widget-wrap elementor-element-populated\">\n\t\t\t\t\t\t<div class=\"elementor-element elementor-element-5936c58 elementor-widget elementor-widget-bridge_team\" data-id=\"5936c58\" data-element_type=\"widget\" data-e-type=\"widget\" data-widget_type=\"bridge_team.default\">\n\t\t\t\t<div class=\"elementor-widget-container\">\n\t\t\t\t\t<div class='q_team' style='background-color:rgba(0, 0, 0, 0);'><div class='q_team_inner'><div class='q_team_image'><img itemprop='image' src='http:\/\/greenhousecountry.uy\/site\/wp-content\/uploads\/2021\/04\/6_Beatriz.png' alt='6_Beatriz' \/><\/div><div class='q_team_text' ><div class='q_team_text_inner'><div class='q_team_title_holder'><h6 class='q_team_name' style = ''>Beatriz Rodr\u00edguez<\/h6><span style = ''>Doctora<\/span><\/div><\/div><div class='q_team_social_holder'><\/div><\/div><\/div><\/div>\t\t\t\t<\/div>\n\t\t\t\t<\/div>\n\t\t\t\t\t<\/div>\n\t\t<\/div>\n\t\t\t\t<div class=\"elementor-column elementor-col-33 elementor-top-column elementor-element elementor-element-b3c292c\" data-id=\"b3c292c\" data-element_type=\"column\" data-e-type=\"column\">\n\t\t\t<div class=\"elementor-widget-wrap elementor-element-populated\">\n\t\t\t\t\t\t<div class=\"elementor-element elementor-element-7a65d0a elementor-widget elementor-widget-bridge_team\" data-id=\"7a65d0a\" data-element_type=\"widget\" data-e-type=\"widget\" data-widget_type=\"bridge_team.default\">\n\t\t\t\t<div class=\"elementor-widget-container\">\n\t\t\t\t\t<div class='q_team' style='background-color:rgba(0, 0, 0, 0);'><div class='q_team_inner'><div class='q_team_image'><img itemprop='image' src='http:\/\/greenhousecountry.uy\/site\/wp-content\/uploads\/2021\/04\/7_Alejandra.png' alt='7_Alejandra' \/><\/div><div class='q_team_text' ><div class='q_team_text_inner'><div class='q_team_title_holder'><h6 class='q_team_name' style = ''>Alejandra Corsini<\/h6><span style = ''>Licenciada en Enfermer\u00eda<\/span><\/div><\/div><div class='q_team_social_holder'><\/div><\/div><\/div><\/div>\t\t\t\t<\/div>\n\t\t\t\t<\/div>\n\t\t\t\t\t<\/div>\n\t\t<\/div>\n\t\t\t\t<div class=\"elementor-column elementor-col-33 elementor-top-column elementor-element elementor-element-361966f\" data-id=\"361966f\" data-element_type=\"column\" data-e-type=\"column\">\n\t\t\t<div class=\"elementor-widget-wrap elementor-element-populated\">\n\t\t\t\t\t\t<div class=\"elementor-element elementor-element-2164995 elementor-widget elementor-widget-bridge_team\" data-id=\"2164995\" data-element_type=\"widget\" data-e-type=\"widget\" data-widget_type=\"bridge_team.default\">\n\t\t\t\t<div class=\"elementor-widget-container\">\n\t\t\t\t\t<div class='q_team' style='background-color:rgba(0, 0, 0, 0);'><div class='q_team_inner'><div class='q_team_image'><img itemprop='image' src='http:\/\/greenhousecountry.uy\/site\/wp-content\/uploads\/2021\/04\/4_Maria_Isabel.png' alt='4_Mar\u00eda_Isabel' \/><\/div><div class='q_team_text' ><div class='q_team_text_inner'><div class='q_team_title_holder'><h6 class='q_team_name' style = ''>Ma. Isabel Da Rosa<\/h6><span style = ''>Doctora<\/span><\/div><\/div><div class='q_team_social_holder'><\/div><\/div><\/div><\/div>\t\t\t\t<\/div>\n\t\t\t\t<\/div>\n\t\t\t\t\t<\/div>\n\t\t<\/div>\n\t\t\t\t\t<\/div>\n\t\t<\/section>\n\t\t\t\t<section class=\"elementor-section elementor-top-section elementor-element elementor-element-b6113b4 elementor-section-boxed elementor-section-height-default elementor-section-height-default parallax_section_no qode_elementor_container_no\" data-id=\"b6113b4\" data-element_type=\"section\" data-e-type=\"section\" data-settings=\"{&quot;background_background&quot;:&quot;classic&quot;}\">\n\t\t\t\t\t\t<div class=\"elementor-container elementor-column-gap-default\">\n\t\t\t\t\t<div class=\"elementor-column elementor-col-25 elementor-top-column elementor-element elementor-element-55e6e0f\" data-id=\"55e6e0f\" data-element_type=\"column\" data-e-type=\"column\">\n\t\t\t<div class=\"elementor-widget-wrap elementor-element-populated\">\n\t\t\t\t\t\t<div class=\"elementor-element elementor-element-e5a9bd2 elementor-widget elementor-widget-bridge_team\" data-id=\"e5a9bd2\" data-element_type=\"widget\" data-e-type=\"widget\" data-widget_type=\"bridge_team.default\">\n\t\t\t\t<div class=\"elementor-widget-container\">\n\t\t\t\t\t<div class='q_team' style='background-color:rgba(0, 0, 0, 0);'><div class='q_team_inner'><div class='q_team_image'><img itemprop='image' src='http:\/\/greenhousecountry.uy\/site\/wp-content\/uploads\/2021\/04\/1_Andreina.png' alt='1_Andreina' \/><\/div><div class='q_team_text' ><div class='q_team_text_inner'><div class='q_team_title_holder'><h6 class='q_team_name' style = ''>Andre\u00edna Beal<\/h6><span style = ''>Lic. en Educaci\u00f3n F\u00edsica<\/span><\/div><\/div><div class='q_team_social_holder'><\/div><\/div><\/div><\/div>\t\t\t\t<\/div>\n\t\t\t\t<\/div>\n\t\t\t\t\t<\/div>\n\t\t<\/div>\n\t\t\t\t<div class=\"elementor-column elementor-col-25 elementor-top-column elementor-element elementor-element-d0efe3d\" data-id=\"d0efe3d\" data-element_type=\"column\" data-e-type=\"column\">\n\t\t\t<div class=\"elementor-widget-wrap elementor-element-populated\">\n\t\t\t\t\t\t<div class=\"elementor-element elementor-element-aa56474 elementor-widget elementor-widget-bridge_team\" data-id=\"aa56474\" data-element_type=\"widget\" data-e-type=\"widget\" data-widget_type=\"bridge_team.default\">\n\t\t\t\t<div class=\"elementor-widget-container\">\n\t\t\t\t\t<div class='q_team' style='background-color:rgba(0, 0, 0, 0);'><div class='q_team_inner'><div class='q_team_image'><img itemprop='image' src='http:\/\/greenhousecountry.uy\/site\/wp-content\/uploads\/2021\/04\/3_Luciana.png' alt='3_Luciana' \/><\/div><div class='q_team_text' ><div class='q_team_text_inner'><div class='q_team_title_holder'><h6 class='q_team_name' style = ''>Luciana Mansilla<\/h6><span style = ''>T\u00e9cnica en Podolog\u00eda<\/span><\/div><\/div><div class='q_team_social_holder'><\/div><\/div><\/div><\/div>\t\t\t\t<\/div>\n\t\t\t\t<\/div>\n\t\t\t\t\t<\/div>\n\t\t<\/div>\n\t\t\t\t<div class=\"elementor-column elementor-col-25 elementor-top-column elementor-element elementor-element-e183b35\" data-id=\"e183b35\" data-element_type=\"column\" data-e-type=\"column\">\n\t\t\t<div class=\"elementor-widget-wrap elementor-element-populated\">\n\t\t\t\t\t\t<div class=\"elementor-element elementor-element-a09dba2 elementor-widget elementor-widget-bridge_team\" data-id=\"a09dba2\" data-element_type=\"widget\" data-e-type=\"widget\" data-widget_type=\"bridge_team.default\">\n\t\t\t\t<div class=\"elementor-widget-container\">\n\t\t\t\t\t<div class='q_team' style='background-color:rgba(0, 0, 0, 0);'><div class='q_team_inner'><div class='q_team_image'><img itemprop='image' src='http:\/\/greenhousecountry.uy\/site\/wp-content\/uploads\/2021\/04\/2_Alexandra.png' alt='2_Alexandra' \/><\/div><div class='q_team_text' ><div class='q_team_text_inner'><div class='q_team_title_holder'><h6 class='q_team_name' style = ''>Alexandra Sena<\/h6><span style = ''>Auxiliar de Enfermer\u00eda<\/span><\/div><\/div><div class='q_team_social_holder'><\/div><\/div><\/div><\/div>\t\t\t\t<\/div>\n\t\t\t\t<\/div>\n\t\t\t\t\t<\/div>\n\t\t<\/div>\n\t\t\t\t<div class=\"elementor-column elementor-col-25 elementor-top-column elementor-element elementor-element-47414e2\" data-id=\"47414e2\" data-element_type=\"column\" data-e-type=\"column\">\n\t\t\t<div class=\"elementor-widget-wrap elementor-element-populated\">\n\t\t\t\t\t\t<div class=\"elementor-element elementor-element-d01f9f9 elementor-widget elementor-widget-bridge_team\" data-id=\"d01f9f9\" data-element_type=\"widget\" data-e-type=\"widget\" data-widget_type=\"bridge_team.default\">\n\t\t\t\t<div class=\"elementor-widget-container\">\n\t\t\t\t\t<div class='q_team' style='background-color:rgba(0, 0, 0, 0);'><div class='q_team_inner'><div class='q_team_image'><img itemprop='image' src='http:\/\/greenhousecountry.uy\/site\/wp-content\/uploads\/2021\/04\/5_Valeria.png' alt='5_Valeria' \/><\/div><div class='q_team_text' ><div class='q_team_text_inner'><div class='q_team_title_holder'><h6 class='q_team_name' style = ''>Valeria Almada<\/h6><span style = ''>Tallerista - Artesana<\/span><\/div><\/div><div class='q_team_social_holder'><\/div><\/div><\/div><\/div>\t\t\t\t<\/div>\n\t\t\t\t<\/div>\n\t\t\t\t\t<\/div>\n\t\t<\/div>\n\t\t\t\t\t<\/div>\n\t\t<\/section>\n\t\t\t\t<\/div>\n\t\t","protected":false},"excerpt":{"rendered":"<p>equipo Beatriz Rodr\u00edguez Doctora Alejandra Corsini Licenciada en Enfermer\u00eda Ma. Isabel Da Rosa Doctora Andre\u00edna Beal Lic. en Educaci\u00f3n F\u00edsica Luciana Mansilla T\u00e9cnica en Podolog\u00eda Alexandra Sena Auxiliar de Enfermer\u00eda Valeria Almada Tallerista &#8211; Artesana<\/p>\n","protected":false},"author":2,"featured_media":0,"parent":0,"menu_order":0,"comment_status":"closed","ping_status":"closed","template":"full_width.php","meta":{"_exactmetrics_skip_tracking":false,"_exactmetrics_sitenote_active":false,"_exactmetrics_sitenote_note":"","_exactmetrics_sitenote_category":0,"footnotes":""},"class_list":["post-115","page","type-page","status-publish","hentry"],"_links":{"self":[{"href":"http:\/\/greenhousecountry.uy\/site\/wp-json\/wp\/v2\/pages\/115","targetHints":{"allow":["GET"]}}],"collection":[{"href":"http:\/\/greenhousecountry.uy\/site\/wp-json\/wp\/v2\/pages"}],"about":[{"href":"http:\/\/greenhousecountry.uy\/site\/wp-json\/wp\/v2\/types\/page"}],"author":[{"embeddable":true,"href":"http:\/\/greenhousecountry.uy\/site\/wp-json\/wp\/v2\/users\/2"}],"replies":[{"embeddable":true,"href":"http:\/\/greenhousecountry.uy\/site\/wp-json\/wp\/v2\/comments?post=115"}],"version-history":[{"count":53,"href":"http:\/\/greenhousecountry.uy\/site\/wp-json\/wp\/v2\/pages\/115\/revisions"}],"predecessor-version":[{"id":694,"href":"http:\/\/greenhousecountry.uy\/site\/wp-json\/wp\/v2\/pages\/115\/revisions\/694"}],"wp:attachment":[{"href":"http:\/\/greenhousecountry.uy\/site\/wp-json\/wp\/v2\/media?parent=115"}],"curies":[{"name":"wp","href":"https:\/\/api.w.org\/{rel}","templated":true}]}}